{"id":16,"date":"2018-08-22T18:42:14","date_gmt":"2018-08-22T18:42:14","guid":{"rendered":"http:\/\/www.msstolecek.cz\/?page_id=16"},"modified":"2023-10-15T20:11:29","modified_gmt":"2023-10-15T20:11:29","slug":"gebuhren-jagd","status":"publish","type":"page","link":"https:\/\/www.msstolecek.cz\/index.php\/gebuhren-jagd\/","title":{"rendered":"GEB\u00dcHREN JAGD"},"content":{"rendered":"<p>Liebe Freunde und J\u00e4ger,<\/p>\n<p>wir m\u00f6chten Sie zu K\u00fcken f\u00fcr Schwarzwild und Wild einladen, die auf unserer Jagd gehalten werden MS STOLECEK, z.s. auf Lipi bei Manetin.<\/p>\n<p><strong>Daten:\u00a0<\/strong><\/p>\n<p>\u00a0<\/p>\n\n\n<figure class=\"wp-block-gallery columns-5 is-cropped\"><ul class=\"blocks-gallery-grid\"><li class=\"blocks-gallery-item\"><figure><a href=\"https:\/\/www.msstolecek.cz\/wp-content\/uploads\/2018\/08\/IMG-20191113-WA0006.jpg\"><img loading=\"lazy\" width=\"1200\" height=\"1600\" src=\"https:\/\/www.msstolecek.cz\/wp-content\/uploads\/2018\/08\/IMG-20191113-WA0006.jpg\" alt=\"\" data-id=\"386\" class=\"wp-image-386\" srcset=\"https:\/\/www.msstolecek.cz\/wp-content\/uploads\/2018\/08\/IMG-20191113-WA0006.jpg 1200w, https:\/\/www.msstolecek.cz\/wp-content\/uploads\/2018\/08\/IMG-20191113-WA0006-225x300.jpg 225w, https:\/\/www.msstolecek.cz\/wp-content\/uploads\/2018\/08\/IMG-20191113-WA0006-768x1024.jpg 768w\" sizes=\"(max-width: 1200px) 100vw, 1200px\" \/><\/a><figcaption class=\"blocks-gallery-item__caption\">MS Stole\u010dek 2019<\/figcaption><\/figure><\/li><li class=\"blocks-gallery-item\"><figure><a href=\"https:\/\/www.msstolecek.cz\/wp-content\/uploads\/2018\/08\/IMG-20191119-WA0002.jpg\"><img loading=\"lazy\" width=\"1200\" height=\"1600\" src=\"https:\/\/www.msstolecek.cz\/wp-content\/uploads\/2018\/08\/IMG-20191119-WA0002.jpg\" alt=\"\" data-id=\"382\" class=\"wp-image-382\" srcset=\"https:\/\/www.msstolecek.cz\/wp-content\/uploads\/2018\/08\/IMG-20191119-WA0002.jpg 1200w, https:\/\/www.msstolecek.cz\/wp-content\/uploads\/2018\/08\/IMG-20191119-WA0002-225x300.jpg 225w, https:\/\/www.msstolecek.cz\/wp-content\/uploads\/2018\/08\/IMG-20191119-WA0002-768x1024.jpg 768w\" sizes=\"(max-width: 1200px) 100vw, 1200px\" \/><\/a><figcaption class=\"blocks-gallery-item__caption\">MS Stole\u010dek 2019<\/figcaption><\/figure><\/li><li class=\"blocks-gallery-item\"><figure><a href=\"https:\/\/www.msstolecek.cz\/wp-content\/uploads\/2018\/08\/IMG-20191119-WA0001.jpg\"><img loading=\"lazy\" width=\"1200\" height=\"1600\" src=\"https:\/\/www.msstolecek.cz\/wp-content\/uploads\/2018\/08\/IMG-20191119-WA0001.jpg\" alt=\"\" data-id=\"381\" class=\"wp-image-381\" srcset=\"https:\/\/www.msstolecek.cz\/wp-content\/uploads\/2018\/08\/IMG-20191119-WA0001.jpg 1200w, https:\/\/www.msstolecek.cz\/wp-content\/uploads\/2018\/08\/IMG-20191119-WA0001-225x300.jpg 225w, https:\/\/www.msstolecek.cz\/wp-content\/uploads\/2018\/08\/IMG-20191119-WA0001-768x1024.jpg 768w\" sizes=\"(max-width: 1200px) 100vw, 1200px\" \/><\/a><figcaption class=\"blocks-gallery-item__caption\">MS Stole\u010dek 2019<\/figcaption><\/figure><\/li><li class=\"blocks-gallery-item\"><figure><a href=\"https:\/\/www.msstolecek.cz\/wp-content\/uploads\/2018\/08\/IMG-20191119-WA0000.jpg\"><img loading=\"lazy\" width=\"640\" height=\"480\" src=\"https:\/\/www.msstolecek.cz\/wp-content\/uploads\/2018\/08\/IMG-20191119-WA0000.jpg\" alt=\"\" data-id=\"380\" class=\"wp-image-380\" srcset=\"https:\/\/www.msstolecek.cz\/wp-content\/uploads\/2018\/08\/IMG-20191119-WA0000.jpg 640w, https:\/\/www.msstolecek.cz\/wp-content\/uploads\/2018\/08\/IMG-20191119-WA0000-300x225.jpg 300w\" sizes=\"(max-width: 640px) 100vw, 640px\" \/><\/a><figcaption class=\"blocks-gallery-item__caption\">MS Stole\u010dek 2019<\/figcaption><\/figure><\/li><li class=\"blocks-gallery-item\"><figure><a href=\"https:\/\/www.msstolecek.cz\/wp-content\/uploads\/2018\/08\/Bez-n\u00e1zvu-11.jpg\"><img loading=\"lazy\" width=\"1200\" height=\"1136\" src=\"https:\/\/www.msstolecek.cz\/wp-content\/uploads\/2018\/08\/Bez-n\u00e1zvu-11.jpg\" alt=\"\" data-id=\"362\" class=\"wp-image-362\" srcset=\"https:\/\/www.msstolecek.cz\/wp-content\/uploads\/2018\/08\/Bez-n\u00e1zvu-11.jpg 1200w, https:\/\/www.msstolecek.cz\/wp-content\/uploads\/2018\/08\/Bez-n\u00e1zvu-11-300x284.jpg 300w, https:\/\/www.msstolecek.cz\/wp-content\/uploads\/2018\/08\/Bez-n\u00e1zvu-11-768x727.jpg 768w, https:\/\/www.msstolecek.cz\/wp-content\/uploads\/2018\/08\/Bez-n\u00e1zvu-11-1024x969.jpg 1024w\" sizes=\"(max-width: 1200px) 100vw, 1200px\" \/><\/a><figcaption class=\"blocks-gallery-item__caption\">MS Stole\u010dek 2019, 262 bod\u016f \u2013 zlat\u00e1 medaile<\/figcaption><\/figure><\/li><li class=\"blocks-gallery-item\"><figure><a href=\"https:\/\/www.msstolecek.cz\/wp-content\/uploads\/2018\/08\/Bez-n\u00e1zvu-10.jpg\"><img loading=\"lazy\" width=\"1200\" height=\"1129\" src=\"https:\/\/www.msstolecek.cz\/wp-content\/uploads\/2018\/08\/Bez-n\u00e1zvu-10.jpg\" alt=\"\" data-id=\"361\" class=\"wp-image-361\" srcset=\"https:\/\/www.msstolecek.cz\/wp-content\/uploads\/2018\/08\/Bez-n\u00e1zvu-10.jpg 1200w, https:\/\/www.msstolecek.cz\/wp-content\/uploads\/2018\/08\/Bez-n\u00e1zvu-10-300x282.jpg 300w, https:\/\/www.msstolecek.cz\/wp-content\/uploads\/2018\/08\/Bez-n\u00e1zvu-10-768x723.jpg 768w, https:\/\/www.msstolecek.cz\/wp-content\/uploads\/2018\/08\/Bez-n\u00e1zvu-10-1024x963.jpg 1024w\" sizes=\"(max-width: 1200px) 100vw, 1200px\" \/><\/a><figcaption class=\"blocks-gallery-item__caption\">MS Stole\u010dek 2019, 262 bod\u016f \u2013 zlat\u00e1 medaile<\/figcaption><\/figure><\/li><li class=\"blocks-gallery-item\"><figure><a href=\"https:\/\/www.msstolecek.cz\/wp-content\/uploads\/2018\/08\/Bez-n\u00e1zvu-6.jpg\"><img loading=\"lazy\" width=\"1200\" height=\"1133\" src=\"https:\/\/www.msstolecek.cz\/wp-content\/uploads\/2018\/08\/Bez-n\u00e1zvu-6.jpg\" alt=\"\" data-id=\"360\" class=\"wp-image-360\" srcset=\"https:\/\/www.msstolecek.cz\/wp-content\/uploads\/2018\/08\/Bez-n\u00e1zvu-6.jpg 1200w, https:\/\/www.msstolecek.cz\/wp-content\/uploads\/2018\/08\/Bez-n\u00e1zvu-6-300x283.jpg 300w, https:\/\/www.msstolecek.cz\/wp-content\/uploads\/2018\/08\/Bez-n\u00e1zvu-6-768x725.jpg 768w, https:\/\/www.msstolecek.cz\/wp-content\/uploads\/2018\/08\/Bez-n\u00e1zvu-6-1024x967.jpg 1024w\" sizes=\"(max-width: 1200px) 100vw, 1200px\" \/><\/a><figcaption class=\"blocks-gallery-item__caption\">MS Stole\u010dek 2019, 262 bod\u016f \u2013 zlat\u00e1 medaile<\/figcaption><\/figure><\/li><li class=\"blocks-gallery-item\"><figure><a href=\"https:\/\/www.msstolecek.cz\/wp-content\/uploads\/2018\/08\/IMG-20191113-WA0003.jpg\"><img loading=\"lazy\" width=\"1600\" height=\"1200\" src=\"https:\/\/www.msstolecek.cz\/wp-content\/uploads\/2018\/08\/IMG-20191113-WA0003.jpg\" alt=\"\" data-id=\"359\" class=\"wp-image-359\" srcset=\"https:\/\/www.msstolecek.cz\/wp-content\/uploads\/2018\/08\/IMG-20191113-WA0003.jpg 1600w, https:\/\/www.msstolecek.cz\/wp-content\/uploads\/2018\/08\/IMG-20191113-WA0003-300x225.jpg 300w, https:\/\/www.msstolecek.cz\/wp-content\/uploads\/2018\/08\/IMG-20191113-WA0003-768x576.jpg 768w, https:\/\/www.msstolecek.cz\/wp-content\/uploads\/2018\/08\/IMG-20191113-WA0003-1024x768.jpg 1024w\" sizes=\"(max-width: 1600px) 100vw, 1600px\" \/><\/a><figcaption class=\"blocks-gallery-item__caption\">MS Stole\u010dek 2019<\/figcaption><\/figure><\/li><li class=\"blocks-gallery-item\"><figure><a href=\"https:\/\/www.msstolecek.cz\/wp-content\/uploads\/2021\/11\/WhatsApp-Image-2021-11-12-at-19.37.59-3.jpeg\"><img loading=\"lazy\" width=\"1600\" height=\"737\" src=\"https:\/\/www.msstolecek.cz\/wp-content\/uploads\/2021\/11\/WhatsApp-Image-2021-11-12-at-19.37.59-3.jpeg\" alt=\"\" data-id=\"587\" class=\"wp-image-587\" srcset=\"https:\/\/www.msstolecek.cz\/wp-content\/uploads\/2021\/11\/WhatsApp-Image-2021-11-12-at-19.37.59-3.jpeg 1600w, https:\/\/www.msstolecek.cz\/wp-content\/uploads\/2021\/11\/WhatsApp-Image-2021-11-12-at-19.37.59-3-300x138.jpeg 300w, https:\/\/www.msstolecek.cz\/wp-content\/uploads\/2021\/11\/WhatsApp-Image-2021-11-12-at-19.37.59-3-1024x472.jpeg 1024w, https:\/\/www.msstolecek.cz\/wp-content\/uploads\/2021\/11\/WhatsApp-Image-2021-11-12-at-19.37.59-3-768x354.jpeg 768w, https:\/\/www.msstolecek.cz\/wp-content\/uploads\/2021\/11\/WhatsApp-Image-2021-11-12-at-19.37.59-3-1536x708.jpeg 1536w\" sizes=\"(max-width: 1600px) 100vw, 1600px\" \/><\/a><figcaption class=\"blocks-gallery-item__caption\">MS Stole\u010dek 2021<\/figcaption><\/figure><\/li><li class=\"blocks-gallery-item\"><figure><a href=\"https:\/\/www.msstolecek.cz\/wp-content\/uploads\/2021\/11\/WhatsApp-Image-2021-11-12-at-19.37.59-4.jpeg\"><img loading=\"lazy\" width=\"1600\" height=\"737\" src=\"https:\/\/www.msstolecek.cz\/wp-content\/uploads\/2021\/11\/WhatsApp-Image-2021-11-12-at-19.37.59-4.jpeg\" alt=\"\" data-id=\"588\" class=\"wp-image-588\" srcset=\"https:\/\/www.msstolecek.cz\/wp-content\/uploads\/2021\/11\/WhatsApp-Image-2021-11-12-at-19.37.59-4.jpeg 1600w, https:\/\/www.msstolecek.cz\/wp-content\/uploads\/2021\/11\/WhatsApp-Image-2021-11-12-at-19.37.59-4-300x138.jpeg 300w, https:\/\/www.msstolecek.cz\/wp-content\/uploads\/2021\/11\/WhatsApp-Image-2021-11-12-at-19.37.59-4-1024x472.jpeg 1024w, https:\/\/www.msstolecek.cz\/wp-content\/uploads\/2021\/11\/WhatsApp-Image-2021-11-12-at-19.37.59-4-768x354.jpeg 768w, https:\/\/www.msstolecek.cz\/wp-content\/uploads\/2021\/11\/WhatsApp-Image-2021-11-12-at-19.37.59-4-1536x708.jpeg 1536w\" sizes=\"(max-width: 1600px) 100vw, 1600px\" \/><\/a><figcaption class=\"blocks-gallery-item__caption\">MS Stole\u010dek 2021<\/figcaption><\/figure><\/li><\/ul><\/figure>\n","protected":false},"excerpt":{"rendered":"<p>Liebe Freunde und J\u00e4ger, wir m\u00f6chten Sie zu K\u00fcken f\u00fcr Schwarzwild und Wild einladen, die auf unserer Jagd gehalten werden MS STOLECEK, z.s. auf Lipi bei Manetin. Daten:\u00a0 \u00a0<\/p>\n","protected":false},"author":1,"featured_media":0,"parent":0,"menu_order":0,"comment_status":"closed","ping_status":"closed","template":"","meta":[],"_links":{"self":[{"href":"https:\/\/www.msstolecek.cz\/index.php\/wp-json\/wp\/v2\/pages\/16"}],"collection":[{"href":"https:\/\/www.msstolecek.cz\/index.php\/wp-json\/wp\/v2\/pages"}],"about":[{"href":"https:\/\/www.msstolecek.cz\/index.php\/wp-json\/wp\/v2\/types\/page"}],"author":[{"embeddable":true,"href":"https:\/\/www.msstolecek.cz\/index.php\/wp-json\/wp\/v2\/users\/1"}],"replies":[{"embeddable":true,"href":"https:\/\/www.msstolecek.cz\/index.php\/wp-json\/wp\/v2\/comments?post=16"}],"version-history":[{"count":29,"href":"https:\/\/www.msstolecek.cz\/index.php\/wp-json\/wp\/v2\/pages\/16\/revisions"}],"predecessor-version":[{"id":670,"href":"https:\/\/www.msstolecek.cz\/index.php\/wp-json\/wp\/v2\/pages\/16\/revisions\/670"}],"wp:attachment":[{"href":"https:\/\/www.msstolecek.cz\/index.php\/wp-json\/wp\/v2\/media?parent=16"}],"curies":[{"name":"wp","href":"https:\/\/api.w.org\/{rel}","templated":true}]}}