{"id":20,"date":"2018-08-22T18:42:33","date_gmt":"2018-08-22T18:42:33","guid":{"rendered":"http:\/\/www.msstolecek.cz\/?page_id=20"},"modified":"2018-08-24T12:48:37","modified_gmt":"2018-08-24T12:48:37","slug":"kontakt","status":"publish","type":"page","link":"https:\/\/www.msstolecek.cz\/index.php\/kontakt\/","title":{"rendered":"KONTAKT \/ CONTACT"},"content":{"rendered":"<p style=\"text-align: center;\"><strong>MS STOLE\u010cEK, z.s.<\/strong><\/p>\n<p style=\"text-align: center;\">Pra\u017esk\u00e1 311\/23, Vnit\u0159n\u00ed M\u011bsto, 301 00 Plze\u0148<\/p>\n<p style=\"text-align: center;\">I\u010c: 26625253,\u00a0Spisov\u00e1 zna\u010dka: L 3710 veden\u00e1 u Krajsk\u00e9ho soudu v\u00a0Plzni<\/p>\n<p>&nbsp;<\/p>\n<p style=\"text-align: center;\">Bankovn\u00ed spojen\u00ed \/ Bank account \/ Bankkonto<\/p>\n<p style=\"text-align: center;\">\u010c\u00edslo \u00fa\u010dtu \/ Account number \/ Kontonummer: <span style=\"margin: 0px; font-family: 'Calibri',sans-serif; font-size: 12pt;\"><b><span style=\"color: #000000;\">\u010c.\u00fa.:\u00a0115-211100247\/0100<\/span><\/b><\/span><\/p>\n<p style=\"text-align: center;\"><strong>IBAN:\u00a0CZ9401000001150211100247<\/strong><\/p>\n<p style=\"text-align: center;\"><strong>BIC\/SWIFT:\u00a0KOMBCZPPXXX<\/strong><\/p>\n<p>&nbsp;<\/p>\n<p style=\"text-align: center;\"><strong>E-mail:<\/strong> <a href=\"mailto:info@msstolecek.cz\"><strong>info@msstolecek.cz<\/strong><\/a><\/p>\n<p style=\"text-align: center;\"><strong>T<span style=\"text-align: left; color: #333333; text-transform: none; line-height: 24px; text-indent: 0px; letter-spacing: normal; font-family: 'Raleway',Sans-serif; font-size: 16px; font-style: normal; font-variant: normal; text-decoration: none; word-spacing: 0px; display: inline !important; white-space: normal; cursor: text; orphans: 2; float: none; -webkit-text-stroke-width: 0px; background-color: transparent;\">el.: +420 777 551 177<\/span><\/strong><\/p>\n<p><span style=\"color: #000000; font-family: Calibri;\">\u00a0<\/span><\/p>\n","protected":false},"excerpt":{"rendered":"<p>MS STOLE\u010cEK, z.s. Pra\u017esk\u00e1 311\/23, Vnit\u0159n\u00ed M\u011bsto, 301 00 Plze\u0148 I\u010c: 26625253,\u00a0Spisov\u00e1 zna\u010dka: L 3710 veden\u00e1 u Krajsk\u00e9ho soudu v\u00a0Plzni &nbsp; Bankovn\u00ed spojen\u00ed \/ Bank account \/ Bankkonto \u010c\u00edslo \u00fa\u010dtu \/ Account number \/ Kontonummer: \u010c.\u00fa.:\u00a0115-211100247\/0100 IBAN:\u00a0CZ9401000001150211100247 BIC\/SWIFT:\u00a0KOMBCZPPXXX &nbsp; E-mail: info@msstolecek.cz Tel.: +420 777 551 177 \u00a0<\/p>\n","protected":false},"author":1,"featured_media":0,"parent":0,"menu_order":0,"comment_status":"closed","ping_status":"closed","template":"","meta":[],"_links":{"self":[{"href":"https:\/\/www.msstolecek.cz\/index.php\/wp-json\/wp\/v2\/pages\/20"}],"collection":[{"href":"https:\/\/www.msstolecek.cz\/index.php\/wp-json\/wp\/v2\/pages"}],"about":[{"href":"https:\/\/www.msstolecek.cz\/index.php\/wp-json\/wp\/v2\/types\/page"}],"author":[{"embeddable":true,"href":"https:\/\/www.msstolecek.cz\/index.php\/wp-json\/wp\/v2\/users\/1"}],"replies":[{"embeddable":true,"href":"https:\/\/www.msstolecek.cz\/index.php\/wp-json\/wp\/v2\/comments?post=20"}],"version-history":[{"count":19,"href":"https:\/\/www.msstolecek.cz\/index.php\/wp-json\/wp\/v2\/pages\/20\/revisions"}],"predecessor-version":[{"id":89,"href":"https:\/\/www.msstolecek.cz\/index.php\/wp-json\/wp\/v2\/pages\/20\/revisions\/89"}],"wp:attachment":[{"href":"https:\/\/www.msstolecek.cz\/index.php\/wp-json\/wp\/v2\/media?parent=20"}],"curies":[{"name":"wp","href":"https:\/\/api.w.org\/{rel}","templated":true}]}}